{"id":17,"date":"2019-02-02T13:19:28","date_gmt":"2019-02-02T13:19:28","guid":{"rendered":"https:\/\/www.physiopointpr\u00fcm.eu\/?page_id=17"},"modified":"2022-04-07T12:42:45","modified_gmt":"2022-04-07T12:42:45","slug":"willkommen","status":"publish","type":"page","link":"https:\/\/www.physiopointpr\u00fcm.eu\/","title":{"rendered":"Willkommen"},"content":{"rendered":"\n<h2 class=\"has-text-align-center wp-block-heading\">Willkommen bei PhysioPointPr\u00fcm<\/h2>\n\n\n\n<div style=\"height:5px\" aria-hidden=\"true\" class=\"wp-block-spacer\"><\/div>\n\n\n\n\t\t<!-- MasterSlider -->\n\t\t<div id=\"P_MS69f4a1a714d5d\" class=\"master-slider-parent msl ms-parent-id-1\" style=\"max-width:800px;\">\n\n\t\t\t\n\t\t\t<!-- MasterSlider Main -->\n\t\t\t<div id=\"MS69f4a1a714d5d\" class=\"master-slider ms-skin-light-3\" >\n\t\t\t\t \t\t\t\t \n\t\t\t\t<div  class=\"ms-slide\" data-delay=\"3\" data-fill-mode=\"fit\"  >\n\t\t\t\t\t<img decoding=\"async\" src=\"https:\/\/www.physiopointpr\u00fcm.eu\/wp-content\/plugins\/master-slider\/public\/assets\/css\/blank.gif\" alt=\"\" title=\"\" data-src=\"https:\/\/www.physiopointpr\u00fcm.eu\/wp-content\/uploads\/2019\/02\/003-physiopointpr\u00fcm-pruem.jpg\" \/>\n\n\n\t<div class=\"ms-thumb\" ><div class=\"ms-tab-context\"><div class=&quot;ms-tab-context&quot;><\/div><\/div>\n<\/div>\n\t\t\t\t<\/div>\n\t\t\t\t<div  class=\"ms-slide\" data-delay=\"3\" data-fill-mode=\"fit\"  >\n\t\t\t\t\t<img decoding=\"async\" src=\"https:\/\/www.physiopointpr\u00fcm.eu\/wp-content\/plugins\/master-slider\/public\/assets\/css\/blank.gif\" alt=\"\" title=\"\" data-src=\"https:\/\/www.physiopointpr\u00fcm.eu\/wp-content\/uploads\/2019\/02\/004-physiopointpr\u00fcm-pruem.jpg\" \/>\n\n\n\t<div class=\"ms-thumb\" ><div class=\"ms-tab-context\"><div class=&quot;ms-tab-context&quot;><\/div><\/div>\n<\/div>\n\t\t\t\t<\/div>\n\t\t\t\t<div  class=\"ms-slide\" data-delay=\"3\" data-fill-mode=\"fit\"  >\n\t\t\t\t\t<img decoding=\"async\" src=\"https:\/\/www.physiopointpr\u00fcm.eu\/wp-content\/plugins\/master-slider\/public\/assets\/css\/blank.gif\" alt=\"\" title=\"\" data-src=\"https:\/\/www.physiopointpr\u00fcm.eu\/wp-content\/uploads\/2019\/02\/f005-physiopointpr\u00fcm-pruem.jpg\" \/>\n\n\n\t<div class=\"ms-thumb\" ><div class=\"ms-tab-context\"><div class=&quot;ms-tab-context&quot;><\/div><\/div>\n<\/div>\n\t\t\t\t<\/div>\n\t\t\t\t<div  class=\"ms-slide\" data-delay=\"3\" data-fill-mode=\"fit\"  >\n\t\t\t\t\t<img decoding=\"async\" src=\"https:\/\/www.physiopointpr\u00fcm.eu\/wp-content\/plugins\/master-slider\/public\/assets\/css\/blank.gif\" alt=\"\" title=\"\" data-src=\"https:\/\/www.physiopointpr\u00fcm.eu\/wp-content\/uploads\/2019\/02\/f004-physiopointpr\u00fcm-pruem.jpg\" \/>\n\n\n\t<div class=\"ms-thumb\" ><div class=\"ms-tab-context\"><div class=&quot;ms-tab-context&quot;><\/div><\/div>\n<\/div>\n\t\t\t\t<\/div>\n\t\t\t\t<div  class=\"ms-slide\" data-delay=\"3\" data-fill-mode=\"fit\"  >\n\t\t\t\t\t<img decoding=\"async\" src=\"https:\/\/www.physiopointpr\u00fcm.eu\/wp-content\/plugins\/master-slider\/public\/assets\/css\/blank.gif\" alt=\"\" title=\"\" data-src=\"https:\/\/www.physiopointpr\u00fcm.eu\/wp-content\/uploads\/2019\/02\/r3001-physiopointpr\u00fcm-pruem.jpg\" \/>\n\n\n\t<div class=\"ms-thumb\" ><div class=\"ms-tab-context\"><div class=&quot;ms-tab-context&quot;><\/div><\/div>\n<\/div>\n\t\t\t\t<\/div>\n\t\t\t\t<div  class=\"ms-slide\" data-delay=\"3\" data-fill-mode=\"fit\"  >\n\t\t\t\t\t<img decoding=\"async\" src=\"https:\/\/www.physiopointpr\u00fcm.eu\/wp-content\/plugins\/master-slider\/public\/assets\/css\/blank.gif\" alt=\"\" title=\"\" data-src=\"https:\/\/www.physiopointpr\u00fcm.eu\/wp-content\/uploads\/2019\/02\/f002-physiopointpr\u00fcm-pruem.jpg\" \/>\n\n\n\t<div class=\"ms-thumb\" ><div class=\"ms-tab-context\"><div class=&quot;ms-tab-context&quot;><\/div><\/div>\n<\/div>\n\t\t\t\t<\/div>\n\t\t\t\t<div  class=\"ms-slide\" data-delay=\"3\" data-fill-mode=\"fit\"  >\n\t\t\t\t\t<img decoding=\"async\" src=\"https:\/\/www.physiopointpr\u00fcm.eu\/wp-content\/plugins\/master-slider\/public\/assets\/css\/blank.gif\" alt=\"\" title=\"\" data-src=\"https:\/\/www.physiopointpr\u00fcm.eu\/wp-content\/uploads\/2019\/02\/r1003-physiopointpr\u00fcm-pruem-1.jpg\" \/>\n\n\n\t<div class=\"ms-thumb\" ><div class=\"ms-tab-context\"><div class=&quot;ms-tab-context&quot;><\/div><\/div>\n<\/div>\n\t\t\t\t<\/div>\n\t\t\t\t<div  class=\"ms-slide\" data-delay=\"3\" data-fill-mode=\"fit\"  >\n\t\t\t\t\t<img decoding=\"async\" src=\"https:\/\/www.physiopointpr\u00fcm.eu\/wp-content\/plugins\/master-slider\/public\/assets\/css\/blank.gif\" alt=\"\" title=\"\" data-src=\"https:\/\/www.physiopointpr\u00fcm.eu\/wp-content\/uploads\/2019\/02\/r1001-physiopointpr\u00fcm-pruem.jpg\" \/>\n\n\n\t<div class=\"ms-thumb\" ><div class=\"ms-tab-context\"><div class=&quot;ms-tab-context&quot;><\/div><\/div>\n<\/div>\n\t\t\t\t<\/div>\n\t\t\t\t<div  class=\"ms-slide\" data-delay=\"3\" data-fill-mode=\"fit\"  >\n\t\t\t\t\t<img decoding=\"async\" src=\"https:\/\/www.physiopointpr\u00fcm.eu\/wp-content\/plugins\/master-slider\/public\/assets\/css\/blank.gif\" alt=\"\" title=\"\" data-src=\"https:\/\/www.physiopointpr\u00fcm.eu\/wp-content\/uploads\/2019\/02\/r1002-physiopointpr\u00fcm-pruem.jpg\" \/>\n\n\n\t<div class=\"ms-thumb\" ><div class=\"ms-tab-context\"><div class=&quot;ms-tab-context&quot;><\/div><\/div>\n<\/div>\n\t\t\t\t<\/div>\n\t\t\t\t<div  class=\"ms-slide\" data-delay=\"3\" data-fill-mode=\"fit\"  >\n\t\t\t\t\t<img decoding=\"async\" src=\"https:\/\/www.physiopointpr\u00fcm.eu\/wp-content\/plugins\/master-slider\/public\/assets\/css\/blank.gif\" alt=\"\" title=\"\" data-src=\"https:\/\/www.physiopointpr\u00fcm.eu\/wp-content\/uploads\/2019\/02\/r2001-physiopointpr\u00fcm-pruem.jpg\" \/>\n\n\n\t<div class=\"ms-thumb\" ><div class=\"ms-tab-context\"><div class=&quot;ms-tab-context&quot;><\/div><\/div>\n<\/div>\n\t\t\t\t<\/div>\n\t\t\t\t<div  class=\"ms-slide\" data-delay=\"3\" data-fill-mode=\"fit\"  >\n\t\t\t\t\t<img decoding=\"async\" src=\"https:\/\/www.physiopointpr\u00fcm.eu\/wp-content\/plugins\/master-slider\/public\/assets\/css\/blank.gif\" alt=\"\" title=\"\" data-src=\"https:\/\/www.physiopointpr\u00fcm.eu\/wp-content\/uploads\/2019\/02\/r2003-physiopointpr\u00fcm-pruem.jpg\" \/>\n\n\n\t<div class=\"ms-thumb\" ><div class=\"ms-tab-context\"><div class=&quot;ms-tab-context&quot;><\/div><\/div>\n<\/div>\n\t\t\t\t<\/div>\n\t\t\t\t<div  class=\"ms-slide\" data-delay=\"3\" data-fill-mode=\"fit\"  >\n\t\t\t\t\t<img decoding=\"async\" src=\"https:\/\/www.physiopointpr\u00fcm.eu\/wp-content\/plugins\/master-slider\/public\/assets\/css\/blank.gif\" alt=\"\" title=\"\" data-src=\"https:\/\/www.physiopointpr\u00fcm.eu\/wp-content\/uploads\/2019\/02\/r2004-physiopointpr\u00fcm-pruem.jpg\" \/>\n\n\n\t<div class=\"ms-thumb\" ><div class=\"ms-tab-context\"><div class=&quot;ms-tab-context&quot;><\/div><\/div>\n<\/div>\n\t\t\t\t<\/div>\n\t\t\t\t<div  class=\"ms-slide\" data-delay=\"3\" data-fill-mode=\"fit\"  >\n\t\t\t\t\t<img decoding=\"async\" src=\"https:\/\/www.physiopointpr\u00fcm.eu\/wp-content\/plugins\/master-slider\/public\/assets\/css\/blank.gif\" alt=\"\" title=\"\" data-src=\"https:\/\/www.physiopointpr\u00fcm.eu\/wp-content\/uploads\/2019\/02\/r3003-physiopointpr\u00fcm-pruem.jpg\" \/>\n\n\n\t<div class=\"ms-thumb\" ><div class=\"ms-tab-context\"><div class=&quot;ms-tab-context&quot;><\/div><\/div>\n<\/div>\n\t\t\t\t<\/div>\n\t\t\t\t<div  class=\"ms-slide\" data-delay=\"3\" data-fill-mode=\"fit\"  >\n\t\t\t\t\t<img decoding=\"async\" src=\"https:\/\/www.physiopointpr\u00fcm.eu\/wp-content\/plugins\/master-slider\/public\/assets\/css\/blank.gif\" alt=\"\" title=\"\" data-src=\"https:\/\/www.physiopointpr\u00fcm.eu\/wp-content\/uploads\/2019\/02\/r3002-physiopointpr\u00fcm-pruem.jpg\" \/>\n\n\n\t<div class=\"ms-thumb\" ><div class=\"ms-tab-context\"><div class=&quot;ms-tab-context&quot;><\/div><\/div>\n<\/div>\n\t\t\t\t<\/div>\n\n\t\t\t<\/div>\n\t\t\t<!-- END MasterSlider Main -->\n\n\t\t\t \n\t\t<\/div>\n\t\t<!-- END MasterSlider -->\n\n\t\t<script>\n\t\t(function ( $ ) {\n\t\t\t\"use strict\";\n\n\t\t\t$(function () {\n\t\t\t\tvar masterslider_4d5d = new MasterSlider();\n\n\t\t\t\t\/\/ slider controls\n\n\t\t\t\t\/\/ slider setup\n\t\t\t\tmasterslider_4d5d.setup(\"MS69f4a1a714d5d\", {\n\t\t\t\t\t\twidth           : 800,\n\t\t\t\t\t\theight          : 480,\n\t\t\t\t\t\tminHeight       : 0,\n\t\t\t\t\t\tspace           : 0,\n\t\t\t\t\t\tstart           : 1,\n\t\t\t\t\t\tgrabCursor      : true,\n\t\t\t\t\t\tswipe           : true,\n\t\t\t\t\t\tmouse           : true,\n\t\t\t\t\t\tlayout          : \"boxed\",\n\t\t\t\t\t\twheel           : false,\n\t\t\t\t\t\tautoplay        : true,\n\t\t\t\t\t\tinstantStartLayers:false,\n\t\t\t\t\t\tloop            : true,\n\t\t\t\t\t\tshuffle         : false,\n\t\t\t\t\t\tpreload         : 0,\n\t\t\t\t\t\theightLimit     : true,\n\t\t\t\t\t\tautoHeight      : false,\n\t\t\t\t\t\tsmoothHeight    : true,\n\t\t\t\t\t\tendPause        : false,\n\t\t\t\t\t\toverPause       : true,\n\t\t\t\t\t\tfillMode        : \"fill\",\n\t\t\t\t\t\tcenterControls  : true,\n\t\t\t\t\t\tstartOnAppear   : false,\n\t\t\t\t\t\tlayersMode      : \"center\",\n\t\t\t\t\t\thideLayers      : false,\n\t\t\t\t\t\tfullscreenMargin: 0,\n\t\t\t\t\t\tspeed           : 20,\n\t\t\t\t\t\tdir             : \"h\",\n\t\t\t\t\t\tparallaxMode    : 'swipe',\n\t\t\t\t\t\tview            : \"basic\"\n\t\t\t\t});\n\n\t\t\t\t\n\t\t\t\twindow.masterslider_instances = window.masterslider_instances || [];\n\t\t\t\twindow.masterslider_instances.push( masterslider_4d5d );\n\t\t\t });\n\n\t\t})(jQuery);\n\t\t<\/script>\n\n\n\n\n\n<div style=\"height:5px\" aria-hidden=\"true\" class=\"wp-block-spacer\"><\/div>\n\n\n\n<h3 class=\"has-text-align-center wp-block-heading\">Wir freuen uns auf Sie<\/h3>\n\n\n\n<div class=\"wp-block-image\"><figure class=\"aligncenter size-medium\"><img loading=\"lazy\" decoding=\"async\" width=\"213\" height=\"300\" src=\"https:\/\/www.physiopointpr\u00fcm.eu\/wp-content\/uploads\/2022\/04\/dhr-2022-1000px-213x300.jpg\" alt=\"\" class=\"wp-image-343\" srcset=\"https:\/\/www.physiopointpr\u00fcm.eu\/wp-content\/uploads\/2022\/04\/dhr-2022-1000px-213x300.jpg 213w, https:\/\/www.physiopointpr\u00fcm.eu\/wp-content\/uploads\/2022\/04\/dhr-2022-1000px.jpg 709w\" sizes=\"auto, (max-width: 213px) 100vw, 213px\" \/><\/figure><\/div>\n","protected":false},"excerpt":{"rendered":"<p>Willkommen bei PhysioPointPr\u00fcm Wir freuen uns auf Sie<\/p>\n","protected":false},"author":1,"featured_media":0,"parent":0,"menu_order":0,"comment_status":"closed","ping_status":"closed","template":"","meta":{"footnotes":""},"class_list":["post-17","page","type-page","status-publish"],"yoast_head":"<!-- This site is optimized with the Yoast SEO plugin v24.2 - https:\/\/yoast.com\/wordpress\/plugins\/seo\/ -->\n<title>PhysioPointPr\u00fcm - Alexander Hass | Physiotherapie | Krankengymnastik<\/title>\n<meta name=\"description\" content=\"In unserer orthop\u00e4disch und neurologisch ausgerichteten Praxis in Pr\u00fcm behandeln wir sowohl Erwachsene, als auch Kinder und Kleinkinder.\" \/>\n<meta name=\"robots\" content=\"index, follow, max-snippet:-1, max-image-preview:large, max-video-preview:-1\" \/>\n<link rel=\"canonical\" href=\"https:\/\/www.physiopointpr\u00fcm.eu\/\" \/>\n<meta property=\"og:locale\" content=\"de_DE\" \/>\n<meta property=\"og:type\" content=\"article\" \/>\n<meta property=\"og:title\" content=\"PhysioPointPr\u00fcm - Alexander Hass | Physiotherapie | Krankengymnastik\" \/>\n<meta property=\"og:description\" content=\"In unserer orthop\u00e4disch und neurologisch ausgerichteten Praxis in Pr\u00fcm behandeln wir sowohl Erwachsene, als auch Kinder und Kleinkinder.\" \/>\n<meta property=\"og:url\" content=\"https:\/\/www.physiopointpr\u00fcm.eu\/\" \/>\n<meta property=\"og:site_name\" content=\"PhysioPointPr\u00fcm\" \/>\n<meta property=\"article:modified_time\" content=\"2022-04-07T12:42:45+00:00\" \/>\n<meta name=\"twitter:card\" content=\"summary_large_image\" \/>\n<meta name=\"twitter:label1\" content=\"Gesch\u00e4tzte Lesezeit\" \/>\n\t<meta name=\"twitter:data1\" content=\"1\u00a0Minute\" \/>\n<script type=\"application\/ld+json\" class=\"yoast-schema-graph\">{\"@context\":\"https:\/\/schema.org\",\"@graph\":[{\"@type\":\"WebPage\",\"@id\":\"https:\/\/www.physiopointpr\u00fcm.eu\/\",\"url\":\"https:\/\/www.physiopointpr\u00fcm.eu\/\",\"name\":\"PhysioPointPr\u00fcm - Alexander Hass | Physiotherapie | Krankengymnastik\",\"isPartOf\":{\"@id\":\"https:\/\/www.physiopointpr\u00fcm.eu\/#website\"},\"datePublished\":\"2019-02-02T13:19:28+00:00\",\"dateModified\":\"2022-04-07T12:42:45+00:00\",\"description\":\"In unserer orthop\u00e4disch und neurologisch ausgerichteten Praxis in Pr\u00fcm behandeln wir sowohl Erwachsene, als auch Kinder und Kleinkinder.\",\"breadcrumb\":{\"@id\":\"https:\/\/www.physiopointpr\u00fcm.eu\/#breadcrumb\"},\"inLanguage\":\"de\",\"potentialAction\":[{\"@type\":\"ReadAction\",\"target\":[\"https:\/\/www.physiopointpr\u00fcm.eu\/\"]}]},{\"@type\":\"BreadcrumbList\",\"@id\":\"https:\/\/www.physiopointpr\u00fcm.eu\/#breadcrumb\",\"itemListElement\":[{\"@type\":\"ListItem\",\"position\":1,\"name\":\"Startseite\",\"item\":\"https:\/\/www.physiopointpr\u00fcm.eu\/\"},{\"@type\":\"ListItem\",\"position\":2,\"name\":\"Willkommen\"}]},{\"@type\":\"WebSite\",\"@id\":\"https:\/\/www.physiopointpr\u00fcm.eu\/#website\",\"url\":\"https:\/\/www.physiopointpr\u00fcm.eu\/\",\"name\":\"PhysioPointPr\u00fcm\",\"description\":\"\",\"publisher\":{\"@id\":\"https:\/\/www.physiopointpr\u00fcm.eu\/#organization\"},\"potentialAction\":[{\"@type\":\"SearchAction\",\"target\":{\"@type\":\"EntryPoint\",\"urlTemplate\":\"https:\/\/www.physiopointpr\u00fcm.eu\/?s={search_term_string}\"},\"query-input\":{\"@type\":\"PropertyValueSpecification\",\"valueRequired\":true,\"valueName\":\"search_term_string\"}}],\"inLanguage\":\"de\"},{\"@type\":\"Organization\",\"@id\":\"https:\/\/www.physiopointpr\u00fcm.eu\/#organization\",\"name\":\"PhysioPointPr\u00fcm\",\"url\":\"https:\/\/www.physiopointpr\u00fcm.eu\/\",\"logo\":{\"@type\":\"ImageObject\",\"inLanguage\":\"de\",\"@id\":\"https:\/\/www.physiopointpr\u00fcm.eu\/#\/schema\/logo\/image\/\",\"url\":\"https:\/\/www.physiopointpr\u00fcm.eu\/wp-content\/uploads\/2019\/02\/logo-physiopointpr\u00fcm-pruem-200px.png\",\"contentUrl\":\"https:\/\/www.physiopointpr\u00fcm.eu\/wp-content\/uploads\/2019\/02\/logo-physiopointpr\u00fcm-pruem-200px.png\",\"width\":210,\"height\":200,\"caption\":\"PhysioPointPr\u00fcm\"},\"image\":{\"@id\":\"https:\/\/www.physiopointpr\u00fcm.eu\/#\/schema\/logo\/image\/\"}}]}<\/script>\n<!-- \/ Yoast SEO plugin. -->","yoast_head_json":{"title":"PhysioPointPr\u00fcm - Alexander Hass | Physiotherapie | Krankengymnastik","description":"In unserer orthop\u00e4disch und neurologisch ausgerichteten Praxis in Pr\u00fcm behandeln wir sowohl Erwachsene, als auch Kinder und Kleinkinder.","robots":{"index":"index","follow":"follow","max-snippet":"max-snippet:-1","max-image-preview":"max-image-preview:large","max-video-preview":"max-video-preview:-1"},"canonical":"https:\/\/www.physiopointpr\u00fcm.eu\/","og_locale":"de_DE","og_type":"article","og_title":"PhysioPointPr\u00fcm - Alexander Hass | Physiotherapie | Krankengymnastik","og_description":"In unserer orthop\u00e4disch und neurologisch ausgerichteten Praxis in Pr\u00fcm behandeln wir sowohl Erwachsene, als auch Kinder und Kleinkinder.","og_url":"https:\/\/www.physiopointpr\u00fcm.eu\/","og_site_name":"PhysioPointPr\u00fcm","article_modified_time":"2022-04-07T12:42:45+00:00","twitter_card":"summary_large_image","twitter_misc":{"Gesch\u00e4tzte Lesezeit":"1\u00a0Minute"},"schema":{"@context":"https:\/\/schema.org","@graph":[{"@type":"WebPage","@id":"https:\/\/www.physiopointpr\u00fcm.eu\/","url":"https:\/\/www.physiopointpr\u00fcm.eu\/","name":"PhysioPointPr\u00fcm - Alexander Hass | Physiotherapie | Krankengymnastik","isPartOf":{"@id":"https:\/\/www.physiopointpr\u00fcm.eu\/#website"},"datePublished":"2019-02-02T13:19:28+00:00","dateModified":"2022-04-07T12:42:45+00:00","description":"In unserer orthop\u00e4disch und neurologisch ausgerichteten Praxis in Pr\u00fcm behandeln wir sowohl Erwachsene, als auch Kinder und Kleinkinder.","breadcrumb":{"@id":"https:\/\/www.physiopointpr\u00fcm.eu\/#breadcrumb"},"inLanguage":"de","potentialAction":[{"@type":"ReadAction","target":["https:\/\/www.physiopointpr\u00fcm.eu\/"]}]},{"@type":"BreadcrumbList","@id":"https:\/\/www.physiopointpr\u00fcm.eu\/#breadcrumb","itemListElement":[{"@type":"ListItem","position":1,"name":"Startseite","item":"https:\/\/www.physiopointpr\u00fcm.eu\/"},{"@type":"ListItem","position":2,"name":"Willkommen"}]},{"@type":"WebSite","@id":"https:\/\/www.physiopointpr\u00fcm.eu\/#website","url":"https:\/\/www.physiopointpr\u00fcm.eu\/","name":"PhysioPointPr\u00fcm","description":"","publisher":{"@id":"https:\/\/www.physiopointpr\u00fcm.eu\/#organization"},"potentialAction":[{"@type":"SearchAction","target":{"@type":"EntryPoint","urlTemplate":"https:\/\/www.physiopointpr\u00fcm.eu\/?s={search_term_string}"},"query-input":{"@type":"PropertyValueSpecification","valueRequired":true,"valueName":"search_term_string"}}],"inLanguage":"de"},{"@type":"Organization","@id":"https:\/\/www.physiopointpr\u00fcm.eu\/#organization","name":"PhysioPointPr\u00fcm","url":"https:\/\/www.physiopointpr\u00fcm.eu\/","logo":{"@type":"ImageObject","inLanguage":"de","@id":"https:\/\/www.physiopointpr\u00fcm.eu\/#\/schema\/logo\/image\/","url":"https:\/\/www.physiopointpr\u00fcm.eu\/wp-content\/uploads\/2019\/02\/logo-physiopointpr\u00fcm-pruem-200px.png","contentUrl":"https:\/\/www.physiopointpr\u00fcm.eu\/wp-content\/uploads\/2019\/02\/logo-physiopointpr\u00fcm-pruem-200px.png","width":210,"height":200,"caption":"PhysioPointPr\u00fcm"},"image":{"@id":"https:\/\/www.physiopointpr\u00fcm.eu\/#\/schema\/logo\/image\/"}}]}},"_links":{"self":[{"href":"https:\/\/www.physiopointpr\u00fcm.eu\/index.php?rest_route=\/wp\/v2\/pages\/17","targetHints":{"allow":["GET"]}}],"collection":[{"href":"https:\/\/www.physiopointpr\u00fcm.eu\/index.php?rest_route=\/wp\/v2\/pages"}],"about":[{"href":"https:\/\/www.physiopointpr\u00fcm.eu\/index.php?rest_route=\/wp\/v2\/types\/page"}],"author":[{"embeddable":true,"href":"https:\/\/www.physiopointpr\u00fcm.eu\/index.php?rest_route=\/wp\/v2\/users\/1"}],"replies":[{"embeddable":true,"href":"https:\/\/www.physiopointpr\u00fcm.eu\/index.php?rest_route=%2Fwp%2Fv2%2Fcomments&post=17"}],"version-history":[{"count":14,"href":"https:\/\/www.physiopointpr\u00fcm.eu\/index.php?rest_route=\/wp\/v2\/pages\/17\/revisions"}],"predecessor-version":[{"id":345,"href":"https:\/\/www.physiopointpr\u00fcm.eu\/index.php?rest_route=\/wp\/v2\/pages\/17\/revisions\/345"}],"wp:attachment":[{"href":"https:\/\/www.physiopointpr\u00fcm.eu\/index.php?rest_route=%2Fwp%2Fv2%2Fmedia&parent=17"}],"curies":[{"name":"wp","href":"https:\/\/api.w.org\/{rel}","templated":true}]}}