{"id":37,"date":"2019-02-04T11:40:15","date_gmt":"2019-02-04T11:40:15","guid":{"rendered":"https:\/\/www.physiopointpr\u00fcm.eu\/?page_id=37"},"modified":"2019-02-14T10:45:46","modified_gmt":"2019-02-14T10:45:46","slug":"unsere-leistungen","status":"publish","type":"page","link":"https:\/\/www.physiopointpr\u00fcm.eu\/?page_id=37","title":{"rendered":"Unsere Leistungen"},"content":{"rendered":"\n<div style=\"height:10px\" aria-hidden=\"true\" class=\"wp-block-spacer\"><\/div>\n\n\n\n<div class=\"wp-block-columns has-2-columns is-layout-flex wp-container-core-columns-is-layout-1 wp-block-columns-is-layout-flex\">\n<div class=\"wp-block-column is-layout-flow wp-block-column-is-layout-flow\">\n<h2 class=\"wp-block-heading\">Unsere Leistungen<\/h2>\n\n\n\n<p>Physiotherapie<br><br>Krankengymnastik<br><br>KGZNS Erwachsene PNF und Vojta<br><br>KGZNS Kinder Vojta und Bobath<br><br>Klassische Massage<br><br>Manuelle Lymphdrainage \/ KPE<br><br>W\u00e4rmetherapie Fango und Hei\u00dfluft<br><br>Kyrotherapie (K\u00e4lteanwendungen)<br><br>Elektrotherapie<br><br>Schlingentischtherapie<br><br>Spiegeltherapie<\/p>\n<\/div>\n\n\n\n<div class=\"wp-block-column is-layout-flow wp-block-column-is-layout-flow\">\n<h2 class=\"wp-block-heading\">Weitere Leistungen<\/h2>\n\n\n\n<p>Kinesiotape<br><br>Schr\u00f6pfen \/ Schr\u00f6pfkopfmassage<br><br>Medical Flossing<br><br>Ohrakupunktmassage<br><br>Sympathikustherapie<br><br>Breu\u00dfmassage<br><br>Dornmethode<br><br>Gua Sha<\/p>\n<\/div>\n<\/div>\n\n\n\n<p><\/p>\n","protected":false},"excerpt":{"rendered":"<p>Unsere Leistungen Physiotherapie Krankengymnastik KGZNS Erwachsene PNF und Vojta KGZNS Kinder Vojta und Bobath Klassische Massage Manuelle Lymphdrainage \/ KPE W\u00e4rmetherapie Fango und Hei\u00dfluft Kyrotherapie (K\u00e4lteanwendungen) Elektrotherapie Schlingentischtherapie Spiegeltherapie Weitere Leistungen Kinesiotape Schr\u00f6pfen \/ Schr\u00f6pfkopfmassage Medical Flossing Ohrakupunktmassage Sympathikustherapie Breu\u00dfmassage Dornmethode Gua Sha<\/p>\n","protected":false},"author":1,"featured_media":0,"parent":0,"menu_order":0,"comment_status":"closed","ping_status":"closed","template":"","meta":{"footnotes":""},"class_list":["post-37","page","type-page","status-publish"],"yoast_head":"<!-- This site is optimized with the Yoast SEO plugin v24.2 - https:\/\/yoast.com\/wordpress\/plugins\/seo\/ -->\n<title>Unsere Leistungen - PhysioPointPr\u00fcm | Alexander Haas | Physiotherapie<\/title>\n<meta name=\"description\" content=\"Physiotherapie, Krankengymnastik, KGZNS Erwachsene PNF und Vojta, KGZNS Kinder Vojta und Bobath, Klassische Massage, Manuelle Lymphdrainage \/ KPE, uvm.\" \/>\n<meta name=\"robots\" content=\"index, follow, max-snippet:-1, max-image-preview:large, max-video-preview:-1\" \/>\n<link rel=\"canonical\" href=\"https:\/\/www.physiopointpr\u00fcm.eu\/?page_id=37\" \/>\n<meta property=\"og:locale\" content=\"de_DE\" \/>\n<meta property=\"og:type\" content=\"article\" \/>\n<meta property=\"og:title\" content=\"Unsere Leistungen - PhysioPointPr\u00fcm | Alexander Haas | Physiotherapie\" \/>\n<meta property=\"og:description\" content=\"Physiotherapie, Krankengymnastik, KGZNS Erwachsene PNF und Vojta, KGZNS Kinder Vojta und Bobath, Klassische Massage, Manuelle Lymphdrainage \/ KPE, uvm.\" \/>\n<meta property=\"og:url\" content=\"https:\/\/www.physiopointpr\u00fcm.eu\/?page_id=37\" \/>\n<meta property=\"og:site_name\" content=\"PhysioPointPr\u00fcm\" \/>\n<meta property=\"article:modified_time\" content=\"2019-02-14T10:45:46+00:00\" \/>\n<meta name=\"twitter:card\" content=\"summary_large_image\" \/>\n<script type=\"application\/ld+json\" class=\"yoast-schema-graph\">{\"@context\":\"https:\/\/schema.org\",\"@graph\":[{\"@type\":\"WebPage\",\"@id\":\"https:\/\/www.physiopointpr\u00fcm.eu\/?page_id=37\",\"url\":\"https:\/\/www.physiopointpr\u00fcm.eu\/?page_id=37\",\"name\":\"Unsere Leistungen - PhysioPointPr\u00fcm | Alexander Haas | Physiotherapie\",\"isPartOf\":{\"@id\":\"https:\/\/www.physiopointpr\u00fcm.eu\/#website\"},\"datePublished\":\"2019-02-04T11:40:15+00:00\",\"dateModified\":\"2019-02-14T10:45:46+00:00\",\"description\":\"Physiotherapie, Krankengymnastik, KGZNS Erwachsene PNF und Vojta, KGZNS Kinder Vojta und Bobath, Klassische Massage, Manuelle Lymphdrainage \/ KPE, uvm.\",\"breadcrumb\":{\"@id\":\"https:\/\/www.physiopointpr\u00fcm.eu\/?page_id=37#breadcrumb\"},\"inLanguage\":\"de\",\"potentialAction\":[{\"@type\":\"ReadAction\",\"target\":[\"https:\/\/www.physiopointpr\u00fcm.eu\/?page_id=37\"]}]},{\"@type\":\"BreadcrumbList\",\"@id\":\"https:\/\/www.physiopointpr\u00fcm.eu\/?page_id=37#breadcrumb\",\"itemListElement\":[{\"@type\":\"ListItem\",\"position\":1,\"name\":\"Startseite\",\"item\":\"https:\/\/www.physiopointpr\u00fcm.eu\/\"},{\"@type\":\"ListItem\",\"position\":2,\"name\":\"Unsere Leistungen\"}]},{\"@type\":\"WebSite\",\"@id\":\"https:\/\/www.physiopointpr\u00fcm.eu\/#website\",\"url\":\"https:\/\/www.physiopointpr\u00fcm.eu\/\",\"name\":\"PhysioPointPr\u00fcm\",\"description\":\"\",\"publisher\":{\"@id\":\"https:\/\/www.physiopointpr\u00fcm.eu\/#organization\"},\"potentialAction\":[{\"@type\":\"SearchAction\",\"target\":{\"@type\":\"EntryPoint\",\"urlTemplate\":\"https:\/\/www.physiopointpr\u00fcm.eu\/?s={search_term_string}\"},\"query-input\":{\"@type\":\"PropertyValueSpecification\",\"valueRequired\":true,\"valueName\":\"search_term_string\"}}],\"inLanguage\":\"de\"},{\"@type\":\"Organization\",\"@id\":\"https:\/\/www.physiopointpr\u00fcm.eu\/#organization\",\"name\":\"PhysioPointPr\u00fcm\",\"url\":\"https:\/\/www.physiopointpr\u00fcm.eu\/\",\"logo\":{\"@type\":\"ImageObject\",\"inLanguage\":\"de\",\"@id\":\"https:\/\/www.physiopointpr\u00fcm.eu\/#\/schema\/logo\/image\/\",\"url\":\"https:\/\/www.physiopointpr\u00fcm.eu\/wp-content\/uploads\/2019\/02\/logo-physiopointpr\u00fcm-pruem-200px.png\",\"contentUrl\":\"https:\/\/www.physiopointpr\u00fcm.eu\/wp-content\/uploads\/2019\/02\/logo-physiopointpr\u00fcm-pruem-200px.png\",\"width\":210,\"height\":200,\"caption\":\"PhysioPointPr\u00fcm\"},\"image\":{\"@id\":\"https:\/\/www.physiopointpr\u00fcm.eu\/#\/schema\/logo\/image\/\"}}]}<\/script>\n<!-- \/ Yoast SEO plugin. -->","yoast_head_json":{"title":"Unsere Leistungen - PhysioPointPr\u00fcm | Alexander Haas | Physiotherapie","description":"Physiotherapie, Krankengymnastik, KGZNS Erwachsene PNF und Vojta, KGZNS Kinder Vojta und Bobath, Klassische Massage, Manuelle Lymphdrainage \/ KPE, uvm.","robots":{"index":"index","follow":"follow","max-snippet":"max-snippet:-1","max-image-preview":"max-image-preview:large","max-video-preview":"max-video-preview:-1"},"canonical":"https:\/\/www.physiopointpr\u00fcm.eu\/?page_id=37","og_locale":"de_DE","og_type":"article","og_title":"Unsere Leistungen - PhysioPointPr\u00fcm | Alexander Haas | Physiotherapie","og_description":"Physiotherapie, Krankengymnastik, KGZNS Erwachsene PNF und Vojta, KGZNS Kinder Vojta und Bobath, Klassische Massage, Manuelle Lymphdrainage \/ KPE, uvm.","og_url":"https:\/\/www.physiopointpr\u00fcm.eu\/?page_id=37","og_site_name":"PhysioPointPr\u00fcm","article_modified_time":"2019-02-14T10:45:46+00:00","twitter_card":"summary_large_image","schema":{"@context":"https:\/\/schema.org","@graph":[{"@type":"WebPage","@id":"https:\/\/www.physiopointpr\u00fcm.eu\/?page_id=37","url":"https:\/\/www.physiopointpr\u00fcm.eu\/?page_id=37","name":"Unsere Leistungen - PhysioPointPr\u00fcm | Alexander Haas | Physiotherapie","isPartOf":{"@id":"https:\/\/www.physiopointpr\u00fcm.eu\/#website"},"datePublished":"2019-02-04T11:40:15+00:00","dateModified":"2019-02-14T10:45:46+00:00","description":"Physiotherapie, Krankengymnastik, KGZNS Erwachsene PNF und Vojta, KGZNS Kinder Vojta und Bobath, Klassische Massage, Manuelle Lymphdrainage \/ KPE, uvm.","breadcrumb":{"@id":"https:\/\/www.physiopointpr\u00fcm.eu\/?page_id=37#breadcrumb"},"inLanguage":"de","potentialAction":[{"@type":"ReadAction","target":["https:\/\/www.physiopointpr\u00fcm.eu\/?page_id=37"]}]},{"@type":"BreadcrumbList","@id":"https:\/\/www.physiopointpr\u00fcm.eu\/?page_id=37#breadcrumb","itemListElement":[{"@type":"ListItem","position":1,"name":"Startseite","item":"https:\/\/www.physiopointpr\u00fcm.eu\/"},{"@type":"ListItem","position":2,"name":"Unsere Leistungen"}]},{"@type":"WebSite","@id":"https:\/\/www.physiopointpr\u00fcm.eu\/#website","url":"https:\/\/www.physiopointpr\u00fcm.eu\/","name":"PhysioPointPr\u00fcm","description":"","publisher":{"@id":"https:\/\/www.physiopointpr\u00fcm.eu\/#organization"},"potentialAction":[{"@type":"SearchAction","target":{"@type":"EntryPoint","urlTemplate":"https:\/\/www.physiopointpr\u00fcm.eu\/?s={search_term_string}"},"query-input":{"@type":"PropertyValueSpecification","valueRequired":true,"valueName":"search_term_string"}}],"inLanguage":"de"},{"@type":"Organization","@id":"https:\/\/www.physiopointpr\u00fcm.eu\/#organization","name":"PhysioPointPr\u00fcm","url":"https:\/\/www.physiopointpr\u00fcm.eu\/","logo":{"@type":"ImageObject","inLanguage":"de","@id":"https:\/\/www.physiopointpr\u00fcm.eu\/#\/schema\/logo\/image\/","url":"https:\/\/www.physiopointpr\u00fcm.eu\/wp-content\/uploads\/2019\/02\/logo-physiopointpr\u00fcm-pruem-200px.png","contentUrl":"https:\/\/www.physiopointpr\u00fcm.eu\/wp-content\/uploads\/2019\/02\/logo-physiopointpr\u00fcm-pruem-200px.png","width":210,"height":200,"caption":"PhysioPointPr\u00fcm"},"image":{"@id":"https:\/\/www.physiopointpr\u00fcm.eu\/#\/schema\/logo\/image\/"}}]}},"_links":{"self":[{"href":"https:\/\/www.physiopointpr\u00fcm.eu\/index.php?rest_route=\/wp\/v2\/pages\/37","targetHints":{"allow":["GET"]}}],"collection":[{"href":"https:\/\/www.physiopointpr\u00fcm.eu\/index.php?rest_route=\/wp\/v2\/pages"}],"about":[{"href":"https:\/\/www.physiopointpr\u00fcm.eu\/index.php?rest_route=\/wp\/v2\/types\/page"}],"author":[{"embeddable":true,"href":"https:\/\/www.physiopointpr\u00fcm.eu\/index.php?rest_route=\/wp\/v2\/users\/1"}],"replies":[{"embeddable":true,"href":"https:\/\/www.physiopointpr\u00fcm.eu\/index.php?rest_route=%2Fwp%2Fv2%2Fcomments&post=37"}],"version-history":[{"count":9,"href":"https:\/\/www.physiopointpr\u00fcm.eu\/index.php?rest_route=\/wp\/v2\/pages\/37\/revisions"}],"predecessor-version":[{"id":116,"href":"https:\/\/www.physiopointpr\u00fcm.eu\/index.php?rest_route=\/wp\/v2\/pages\/37\/revisions\/116"}],"wp:attachment":[{"href":"https:\/\/www.physiopointpr\u00fcm.eu\/index.php?rest_route=%2Fwp%2Fv2%2Fmedia&parent=37"}],"curies":[{"name":"wp","href":"https:\/\/api.w.org\/{rel}","templated":true}]}}