{"id":82,"date":"2019-02-05T11:11:45","date_gmt":"2019-02-05T11:11:45","guid":{"rendered":"https:\/\/www.physiopointpr\u00fcm.eu\/?page_id=82"},"modified":"2019-02-14T10:52:37","modified_gmt":"2019-02-14T10:52:37","slug":"praxis","status":"publish","type":"page","link":"https:\/\/www.physiopointpr\u00fcm.eu\/?page_id=82","title":{"rendered":"Praxis"},"content":{"rendered":"\n<p>Die Praxis befindet sich im Dachgeschoss der ehemaligen Landwirtschaftsschule Pr\u00fcm. Sie befindet sich in N\u00e4he der Grundschule, der Jugendherberge und der Karolingerhalle. Unmittelbar vor dem Eingang sind ausreichend Parkm\u00f6glichkeiten vorhanden. Es steht ein Fahrstuhl und ein barrierefreier Praxiseingang zur Verf\u00fcgung.<\/p>\n\n\n\n<h3 class=\"wp-block-heading\"> Geb\u00e4udeansicht mit Hauseingang <\/h3>\n\n\n\n<ul class=\"wp-block-gallery columns-2 is-cropped wp-block-gallery-1 is-layout-flex wp-block-gallery-is-layout-flex\"><li class=\"blocks-gallery-item\"><figure><a href=\"https:\/\/www.physiopointpr\u00fcm.eu\/wp-content\/uploads\/2019\/02\/003-physiopointpr\u00fcm-pruem-907x1024.jpg\" data-rel=\"lightbox-image-0\" data-rl_title=\"\" data-rl_caption=\"\" title=\"\"><img loading=\"lazy\" decoding=\"async\" width=\"907\" height=\"1024\" src=\"https:\/\/www.physiopointpr\u00fcm.eu\/wp-content\/uploads\/2019\/02\/003-physiopointpr\u00fcm-pruem-907x1024.jpg\" alt=\"\" data-id=\"87\" data-link=\"https:\/\/www.physiopointpr\u00fcm.eu\/?attachment_id=87\" class=\"wp-image-87\" srcset=\"https:\/\/www.physiopointpr\u00fcm.eu\/wp-content\/uploads\/2019\/02\/003-physiopointpr\u00fcm-pruem-907x1024.jpg 907w, https:\/\/www.physiopointpr\u00fcm.eu\/wp-content\/uploads\/2019\/02\/003-physiopointpr\u00fcm-pruem-266x300.jpg 266w, https:\/\/www.physiopointpr\u00fcm.eu\/wp-content\/uploads\/2019\/02\/003-physiopointpr\u00fcm-pruem-768x867.jpg 768w, https:\/\/www.physiopointpr\u00fcm.eu\/wp-content\/uploads\/2019\/02\/003-physiopointpr\u00fcm-pruem.jpg 1000w\" sizes=\"auto, (max-width: 907px) 100vw, 907px\" \/><\/a><\/figure><\/li><li class=\"blocks-gallery-item\"><figure><a href=\"https:\/\/www.physiopointpr\u00fcm.eu\/wp-content\/uploads\/2019\/02\/004-physiopointpr\u00fcm-pruem.jpg\" data-rel=\"lightbox-image-1\" data-rl_title=\"\" data-rl_caption=\"\" title=\"\"><img loading=\"lazy\" decoding=\"async\" width=\"1000\" height=\"750\" src=\"https:\/\/www.physiopointpr\u00fcm.eu\/wp-content\/uploads\/2019\/02\/004-physiopointpr\u00fcm-pruem.jpg\" alt=\"\" data-id=\"101\" data-link=\"https:\/\/www.physiopointpr\u00fcm.eu\/?attachment_id=101\" class=\"wp-image-101\" srcset=\"https:\/\/www.physiopointpr\u00fcm.eu\/wp-content\/uploads\/2019\/02\/004-physiopointpr\u00fcm-pruem.jpg 1000w, https:\/\/www.physiopointpr\u00fcm.eu\/wp-content\/uploads\/2019\/02\/004-physiopointpr\u00fcm-pruem-300x225.jpg 300w, https:\/\/www.physiopointpr\u00fcm.eu\/wp-content\/uploads\/2019\/02\/004-physiopointpr\u00fcm-pruem-768x576.jpg 768w\" sizes=\"auto, (max-width: 1000px) 100vw, 1000px\" \/><\/a><\/figure><\/li><\/ul>\n\n\n\n<h3 class=\"wp-block-heading\"> Praxiseingang mit Empfangsbereich und Flur <\/h3>\n\n\n\n<ul class=\"wp-block-gallery columns-3 is-cropped wp-block-gallery-2 is-layout-flex wp-block-gallery-is-layout-flex\"><li class=\"blocks-gallery-item\"><figure><a href=\"https:\/\/www.physiopointpr\u00fcm.eu\/wp-content\/uploads\/2019\/02\/f005-physiopointpr\u00fcm-pruem-1024x768.jpg\" data-rel=\"lightbox-image-2\" data-rl_title=\"\" data-rl_caption=\"\" title=\"\"><img loading=\"lazy\" decoding=\"async\" width=\"1024\" height=\"768\" src=\"https:\/\/www.physiopointpr\u00fcm.eu\/wp-content\/uploads\/2019\/02\/f005-physiopointpr\u00fcm-pruem-1024x768.jpg\" alt=\"\" data-id=\"141\" data-link=\"https:\/\/www.physiopointpr\u00fcm.eu\/?attachment_id=141\" class=\"wp-image-141\" srcset=\"https:\/\/www.physiopointpr\u00fcm.eu\/wp-content\/uploads\/2019\/02\/f005-physiopointpr\u00fcm-pruem-1024x768.jpg 1024w, https:\/\/www.physiopointpr\u00fcm.eu\/wp-content\/uploads\/2019\/02\/f005-physiopointpr\u00fcm-pruem-300x225.jpg 300w, https:\/\/www.physiopointpr\u00fcm.eu\/wp-content\/uploads\/2019\/02\/f005-physiopointpr\u00fcm-pruem-768x576.jpg 768w, https:\/\/www.physiopointpr\u00fcm.eu\/wp-content\/uploads\/2019\/02\/f005-physiopointpr\u00fcm-pruem.jpg 1440w\" sizes=\"auto, (max-width: 1024px) 100vw, 1024px\" \/><\/a><\/figure><\/li><li class=\"blocks-gallery-item\"><figure><a href=\"https:\/\/www.physiopointpr\u00fcm.eu\/wp-content\/uploads\/2019\/02\/f004-physiopointpr\u00fcm-pruem-1024x769.jpg\" data-rel=\"lightbox-image-3\" data-rl_title=\"\" data-rl_caption=\"\" title=\"\"><img loading=\"lazy\" decoding=\"async\" width=\"1024\" height=\"769\" src=\"https:\/\/www.physiopointpr\u00fcm.eu\/wp-content\/uploads\/2019\/02\/f004-physiopointpr\u00fcm-pruem-1024x769.jpg\" alt=\"\" data-id=\"140\" data-link=\"https:\/\/www.physiopointpr\u00fcm.eu\/?attachment_id=140\" class=\"wp-image-140\" srcset=\"https:\/\/www.physiopointpr\u00fcm.eu\/wp-content\/uploads\/2019\/02\/f004-physiopointpr\u00fcm-pruem-1024x769.jpg 1024w, https:\/\/www.physiopointpr\u00fcm.eu\/wp-content\/uploads\/2019\/02\/f004-physiopointpr\u00fcm-pruem-300x225.jpg 300w, https:\/\/www.physiopointpr\u00fcm.eu\/wp-content\/uploads\/2019\/02\/f004-physiopointpr\u00fcm-pruem-768x576.jpg 768w, https:\/\/www.physiopointpr\u00fcm.eu\/wp-content\/uploads\/2019\/02\/f004-physiopointpr\u00fcm-pruem.jpg 1439w\" sizes=\"auto, (max-width: 1024px) 100vw, 1024px\" \/><\/a><\/figure><\/li><li class=\"blocks-gallery-item\"><figure><a href=\"https:\/\/www.physiopointpr\u00fcm.eu\/wp-content\/uploads\/2019\/02\/f002-physiopointpr\u00fcm-pruem-1024x768.jpg\" data-rel=\"lightbox-image-4\" data-rl_title=\"\" data-rl_caption=\"\" title=\"\"><img loading=\"lazy\" decoding=\"async\" width=\"1024\" height=\"768\" src=\"https:\/\/www.physiopointpr\u00fcm.eu\/wp-content\/uploads\/2019\/02\/f002-physiopointpr\u00fcm-pruem-1024x768.jpg\" alt=\"\" data-id=\"138\" data-link=\"https:\/\/www.physiopointpr\u00fcm.eu\/?attachment_id=138\" class=\"wp-image-138\" srcset=\"https:\/\/www.physiopointpr\u00fcm.eu\/wp-content\/uploads\/2019\/02\/f002-physiopointpr\u00fcm-pruem-1024x768.jpg 1024w, https:\/\/www.physiopointpr\u00fcm.eu\/wp-content\/uploads\/2019\/02\/f002-physiopointpr\u00fcm-pruem-300x225.jpg 300w, https:\/\/www.physiopointpr\u00fcm.eu\/wp-content\/uploads\/2019\/02\/f002-physiopointpr\u00fcm-pruem-768x576.jpg 768w, https:\/\/www.physiopointpr\u00fcm.eu\/wp-content\/uploads\/2019\/02\/f002-physiopointpr\u00fcm-pruem.jpg 1440w\" sizes=\"auto, (max-width: 1024px) 100vw, 1024px\" \/><\/a><\/figure><\/li><\/ul>\n\n\n\n<h3 class=\"wp-block-heading\">Behandlungsraum 1 <\/h3>\n\n\n\n<ul class=\"wp-block-gallery columns-3 is-cropped wp-block-gallery-3 is-layout-flex wp-block-gallery-is-layout-flex\"><li class=\"blocks-gallery-item\"><figure><a href=\"https:\/\/www.physiopointpr\u00fcm.eu\/wp-content\/uploads\/2019\/02\/r1001-physiopointpr\u00fcm-pruem-1024x768.jpg\" data-rel=\"lightbox-image-5\" data-rl_title=\"\" data-rl_caption=\"\" title=\"\"><img loading=\"lazy\" decoding=\"async\" width=\"1024\" height=\"768\" src=\"https:\/\/www.physiopointpr\u00fcm.eu\/wp-content\/uploads\/2019\/02\/r1001-physiopointpr\u00fcm-pruem-1024x768.jpg\" alt=\"\" data-id=\"142\" data-link=\"https:\/\/www.physiopointpr\u00fcm.eu\/?attachment_id=142\" class=\"wp-image-142\" srcset=\"https:\/\/www.physiopointpr\u00fcm.eu\/wp-content\/uploads\/2019\/02\/r1001-physiopointpr\u00fcm-pruem-1024x768.jpg 1024w, https:\/\/www.physiopointpr\u00fcm.eu\/wp-content\/uploads\/2019\/02\/r1001-physiopointpr\u00fcm-pruem-300x225.jpg 300w, https:\/\/www.physiopointpr\u00fcm.eu\/wp-content\/uploads\/2019\/02\/r1001-physiopointpr\u00fcm-pruem-768x576.jpg 768w, https:\/\/www.physiopointpr\u00fcm.eu\/wp-content\/uploads\/2019\/02\/r1001-physiopointpr\u00fcm-pruem.jpg 1440w\" sizes=\"auto, (max-width: 1024px) 100vw, 1024px\" \/><\/a><\/figure><\/li><li class=\"blocks-gallery-item\"><figure><a href=\"https:\/\/www.physiopointpr\u00fcm.eu\/wp-content\/uploads\/2019\/02\/r1002-physiopointpr\u00fcm-pruem-1024x768.jpg\" data-rel=\"lightbox-image-6\" data-rl_title=\"\" data-rl_caption=\"\" title=\"\"><img loading=\"lazy\" decoding=\"async\" width=\"1024\" height=\"768\" src=\"https:\/\/www.physiopointpr\u00fcm.eu\/wp-content\/uploads\/2019\/02\/r1002-physiopointpr\u00fcm-pruem-1024x768.jpg\" alt=\"\" data-id=\"143\" data-link=\"https:\/\/www.physiopointpr\u00fcm.eu\/?attachment_id=143\" class=\"wp-image-143\" srcset=\"https:\/\/www.physiopointpr\u00fcm.eu\/wp-content\/uploads\/2019\/02\/r1002-physiopointpr\u00fcm-pruem-1024x768.jpg 1024w, https:\/\/www.physiopointpr\u00fcm.eu\/wp-content\/uploads\/2019\/02\/r1002-physiopointpr\u00fcm-pruem-300x225.jpg 300w, https:\/\/www.physiopointpr\u00fcm.eu\/wp-content\/uploads\/2019\/02\/r1002-physiopointpr\u00fcm-pruem-768x576.jpg 768w, https:\/\/www.physiopointpr\u00fcm.eu\/wp-content\/uploads\/2019\/02\/r1002-physiopointpr\u00fcm-pruem.jpg 1440w\" sizes=\"auto, (max-width: 1024px) 100vw, 1024px\" \/><\/a><\/figure><\/li><li class=\"blocks-gallery-item\"><figure><a href=\"https:\/\/www.physiopointpr\u00fcm.eu\/wp-content\/uploads\/2019\/02\/r1003-physiopointpr\u00fcm-pruem-1-1024x768.jpg\" data-rel=\"lightbox-image-7\" data-rl_title=\"\" data-rl_caption=\"\" title=\"\"><img loading=\"lazy\" decoding=\"async\" width=\"1024\" height=\"768\" src=\"https:\/\/www.physiopointpr\u00fcm.eu\/wp-content\/uploads\/2019\/02\/r1003-physiopointpr\u00fcm-pruem-1-1024x768.jpg\" alt=\"\" data-id=\"161\" data-link=\"https:\/\/www.physiopointpr\u00fcm.eu\/?attachment_id=161#main\" class=\"wp-image-161\" srcset=\"https:\/\/www.physiopointpr\u00fcm.eu\/wp-content\/uploads\/2019\/02\/r1003-physiopointpr\u00fcm-pruem-1-1024x768.jpg 1024w, https:\/\/www.physiopointpr\u00fcm.eu\/wp-content\/uploads\/2019\/02\/r1003-physiopointpr\u00fcm-pruem-1-300x225.jpg 300w, https:\/\/www.physiopointpr\u00fcm.eu\/wp-content\/uploads\/2019\/02\/r1003-physiopointpr\u00fcm-pruem-1-768x576.jpg 768w, https:\/\/www.physiopointpr\u00fcm.eu\/wp-content\/uploads\/2019\/02\/r1003-physiopointpr\u00fcm-pruem-1.jpg 1440w\" sizes=\"auto, (max-width: 1024px) 100vw, 1024px\" \/><\/a><\/figure><\/li><\/ul>\n\n\n\n<h3 class=\"wp-block-heading\">Behandlungsraum 2<\/h3>\n\n\n\n<ul class=\"wp-block-gallery columns-3 is-cropped wp-block-gallery-4 is-layout-flex wp-block-gallery-is-layout-flex\"><li class=\"blocks-gallery-item\"><figure><a href=\"https:\/\/www.physiopointpr\u00fcm.eu\/wp-content\/uploads\/2019\/02\/r2001-physiopointpr\u00fcm-pruem-1024x769.jpg\" data-rel=\"lightbox-image-8\" data-rl_title=\"\" data-rl_caption=\"\" title=\"\"><img loading=\"lazy\" decoding=\"async\" width=\"1024\" height=\"769\" src=\"https:\/\/www.physiopointpr\u00fcm.eu\/wp-content\/uploads\/2019\/02\/r2001-physiopointpr\u00fcm-pruem-1024x769.jpg\" alt=\"\" data-id=\"146\" data-link=\"https:\/\/www.physiopointpr\u00fcm.eu\/?attachment_id=146\" class=\"wp-image-146\" srcset=\"https:\/\/www.physiopointpr\u00fcm.eu\/wp-content\/uploads\/2019\/02\/r2001-physiopointpr\u00fcm-pruem-1024x769.jpg 1024w, https:\/\/www.physiopointpr\u00fcm.eu\/wp-content\/uploads\/2019\/02\/r2001-physiopointpr\u00fcm-pruem-300x225.jpg 300w, https:\/\/www.physiopointpr\u00fcm.eu\/wp-content\/uploads\/2019\/02\/r2001-physiopointpr\u00fcm-pruem-768x576.jpg 768w, https:\/\/www.physiopointpr\u00fcm.eu\/wp-content\/uploads\/2019\/02\/r2001-physiopointpr\u00fcm-pruem.jpg 1439w\" sizes=\"auto, (max-width: 1024px) 100vw, 1024px\" \/><\/a><\/figure><\/li><li class=\"blocks-gallery-item\"><figure><a href=\"https:\/\/www.physiopointpr\u00fcm.eu\/wp-content\/uploads\/2019\/02\/r2003-physiopointpr\u00fcm-pruem-1024x768.jpg\" data-rel=\"lightbox-image-9\" data-rl_title=\"\" data-rl_caption=\"\" title=\"\"><img loading=\"lazy\" decoding=\"async\" width=\"1024\" height=\"768\" src=\"https:\/\/www.physiopointpr\u00fcm.eu\/wp-content\/uploads\/2019\/02\/r2003-physiopointpr\u00fcm-pruem-1024x768.jpg\" alt=\"\" data-id=\"148\" data-link=\"https:\/\/www.physiopointpr\u00fcm.eu\/?attachment_id=148\" class=\"wp-image-148\" srcset=\"https:\/\/www.physiopointpr\u00fcm.eu\/wp-content\/uploads\/2019\/02\/r2003-physiopointpr\u00fcm-pruem-1024x768.jpg 1024w, https:\/\/www.physiopointpr\u00fcm.eu\/wp-content\/uploads\/2019\/02\/r2003-physiopointpr\u00fcm-pruem-300x225.jpg 300w, https:\/\/www.physiopointpr\u00fcm.eu\/wp-content\/uploads\/2019\/02\/r2003-physiopointpr\u00fcm-pruem-768x576.jpg 768w, https:\/\/www.physiopointpr\u00fcm.eu\/wp-content\/uploads\/2019\/02\/r2003-physiopointpr\u00fcm-pruem.jpg 1440w\" sizes=\"auto, (max-width: 1024px) 100vw, 1024px\" \/><\/a><\/figure><\/li><li class=\"blocks-gallery-item\"><figure><a href=\"https:\/\/www.physiopointpr\u00fcm.eu\/wp-content\/uploads\/2019\/02\/r2004-physiopointpr\u00fcm-pruem-1024x769.jpg\" data-rel=\"lightbox-image-10\" data-rl_title=\"\" data-rl_caption=\"\" title=\"\"><img loading=\"lazy\" decoding=\"async\" width=\"1024\" height=\"769\" src=\"https:\/\/www.physiopointpr\u00fcm.eu\/wp-content\/uploads\/2019\/02\/r2004-physiopointpr\u00fcm-pruem-1024x769.jpg\" alt=\"\" data-id=\"149\" data-link=\"https:\/\/www.physiopointpr\u00fcm.eu\/?attachment_id=149\" class=\"wp-image-149\" srcset=\"https:\/\/www.physiopointpr\u00fcm.eu\/wp-content\/uploads\/2019\/02\/r2004-physiopointpr\u00fcm-pruem-1024x769.jpg 1024w, https:\/\/www.physiopointpr\u00fcm.eu\/wp-content\/uploads\/2019\/02\/r2004-physiopointpr\u00fcm-pruem-300x225.jpg 300w, https:\/\/www.physiopointpr\u00fcm.eu\/wp-content\/uploads\/2019\/02\/r2004-physiopointpr\u00fcm-pruem-768x576.jpg 768w, https:\/\/www.physiopointpr\u00fcm.eu\/wp-content\/uploads\/2019\/02\/r2004-physiopointpr\u00fcm-pruem.jpg 1439w\" sizes=\"auto, (max-width: 1024px) 100vw, 1024px\" \/><\/a><\/figure><\/li><\/ul>\n\n\n\n<h3 class=\"wp-block-heading\">Behandlungsraum 3<\/h3>\n\n\n\n<ul class=\"wp-block-gallery columns-3 is-cropped wp-block-gallery-5 is-layout-flex wp-block-gallery-is-layout-flex\"><li class=\"blocks-gallery-item\"><figure><a href=\"https:\/\/www.physiopointpr\u00fcm.eu\/wp-content\/uploads\/2019\/02\/r3001-physiopointpr\u00fcm-pruem-1024x768.jpg\" data-rel=\"lightbox-image-11\" data-rl_title=\"\" data-rl_caption=\"\" title=\"\"><img loading=\"lazy\" decoding=\"async\" width=\"1024\" height=\"768\" src=\"https:\/\/www.physiopointpr\u00fcm.eu\/wp-content\/uploads\/2019\/02\/r3001-physiopointpr\u00fcm-pruem-1024x768.jpg\" alt=\"\" data-id=\"134\" data-link=\"https:\/\/www.physiopointpr\u00fcm.eu\/?attachment_id=134\" class=\"wp-image-134\" srcset=\"https:\/\/www.physiopointpr\u00fcm.eu\/wp-content\/uploads\/2019\/02\/r3001-physiopointpr\u00fcm-pruem-1024x768.jpg 1024w, https:\/\/www.physiopointpr\u00fcm.eu\/wp-content\/uploads\/2019\/02\/r3001-physiopointpr\u00fcm-pruem-300x225.jpg 300w, https:\/\/www.physiopointpr\u00fcm.eu\/wp-content\/uploads\/2019\/02\/r3001-physiopointpr\u00fcm-pruem-768x576.jpg 768w, https:\/\/www.physiopointpr\u00fcm.eu\/wp-content\/uploads\/2019\/02\/r3001-physiopointpr\u00fcm-pruem.jpg 1440w\" sizes=\"auto, (max-width: 1024px) 100vw, 1024px\" \/><\/a><\/figure><\/li><li class=\"blocks-gallery-item\"><figure><a href=\"https:\/\/www.physiopointpr\u00fcm.eu\/wp-content\/uploads\/2019\/02\/r3002-physiopointpr\u00fcm-pruem-1024x768.jpg\" data-rel=\"lightbox-image-12\" data-rl_title=\"\" data-rl_caption=\"\" title=\"\"><img loading=\"lazy\" decoding=\"async\" width=\"1024\" height=\"768\" src=\"https:\/\/www.physiopointpr\u00fcm.eu\/wp-content\/uploads\/2019\/02\/r3002-physiopointpr\u00fcm-pruem-1024x768.jpg\" alt=\"\" data-id=\"135\" data-link=\"https:\/\/www.physiopointpr\u00fcm.eu\/?attachment_id=135\" class=\"wp-image-135\" srcset=\"https:\/\/www.physiopointpr\u00fcm.eu\/wp-content\/uploads\/2019\/02\/r3002-physiopointpr\u00fcm-pruem-1024x768.jpg 1024w, https:\/\/www.physiopointpr\u00fcm.eu\/wp-content\/uploads\/2019\/02\/r3002-physiopointpr\u00fcm-pruem-300x225.jpg 300w, https:\/\/www.physiopointpr\u00fcm.eu\/wp-content\/uploads\/2019\/02\/r3002-physiopointpr\u00fcm-pruem-768x576.jpg 768w, https:\/\/www.physiopointpr\u00fcm.eu\/wp-content\/uploads\/2019\/02\/r3002-physiopointpr\u00fcm-pruem.jpg 1440w\" sizes=\"auto, (max-width: 1024px) 100vw, 1024px\" \/><\/a><\/figure><\/li><li class=\"blocks-gallery-item\"><figure><a href=\"https:\/\/www.physiopointpr\u00fcm.eu\/wp-content\/uploads\/2019\/02\/r3003-physiopointpr\u00fcm-pruem-1024x768.jpg\" data-rel=\"lightbox-image-13\" data-rl_title=\"\" data-rl_caption=\"\" title=\"\"><img loading=\"lazy\" decoding=\"async\" width=\"1024\" height=\"768\" src=\"https:\/\/www.physiopointpr\u00fcm.eu\/wp-content\/uploads\/2019\/02\/r3003-physiopointpr\u00fcm-pruem-1024x768.jpg\" alt=\"\" data-id=\"136\" data-link=\"https:\/\/www.physiopointpr\u00fcm.eu\/?attachment_id=136\" class=\"wp-image-136\" srcset=\"https:\/\/www.physiopointpr\u00fcm.eu\/wp-content\/uploads\/2019\/02\/r3003-physiopointpr\u00fcm-pruem-1024x768.jpg 1024w, https:\/\/www.physiopointpr\u00fcm.eu\/wp-content\/uploads\/2019\/02\/r3003-physiopointpr\u00fcm-pruem-300x225.jpg 300w, https:\/\/www.physiopointpr\u00fcm.eu\/wp-content\/uploads\/2019\/02\/r3003-physiopointpr\u00fcm-pruem-768x576.jpg 768w, https:\/\/www.physiopointpr\u00fcm.eu\/wp-content\/uploads\/2019\/02\/r3003-physiopointpr\u00fcm-pruem.jpg 1440w\" sizes=\"auto, (max-width: 1024px) 100vw, 1024px\" \/><\/a><\/figure><\/li><\/ul>\n\n\n\n<p><\/p>\n","protected":false},"excerpt":{"rendered":"<p>Die Praxis befindet sich im Dachgeschoss der ehemaligen Landwirtschaftsschule Pr\u00fcm. Sie befindet sich in N\u00e4he der Grundschule, der Jugendherberge und der Karolingerhalle. Unmittelbar vor dem Eingang sind ausreichend Parkm\u00f6glichkeiten vorhanden. Es steht ein Fahrstuhl und ein barrierefreier Praxiseingang zur Verf\u00fcgung. Geb\u00e4udeansicht mit Hauseingang Praxiseingang mit Empfangsbereich und Flur Behandlungsraum 1 Behandlungsraum 2 Behandlungsraum 3<\/p>\n","protected":false},"author":1,"featured_media":0,"parent":0,"menu_order":0,"comment_status":"closed","ping_status":"closed","template":"","meta":{"footnotes":""},"class_list":["post-82","page","type-page","status-publish"],"yoast_head":"<!-- This site is optimized with the Yoast SEO plugin v24.2 - https:\/\/yoast.com\/wordpress\/plugins\/seo\/ -->\n<title>Praxis - PhysioPointPr\u00fcm | Physiotherapie | Krankengymnastik<\/title>\n<meta name=\"description\" content=\"Die Praxis befindet sich in der ehemaligen Landwirtschaftsschule Pr\u00fcm, in N\u00e4he der Jugendherberge. Es sind ausreichend Parkm\u00f6glichkeiten vorhanden.\" \/>\n<meta name=\"robots\" content=\"index, follow, max-snippet:-1, max-image-preview:large, max-video-preview:-1\" \/>\n<link rel=\"canonical\" href=\"https:\/\/www.physiopointpr\u00fcm.eu\/?page_id=82\" \/>\n<meta property=\"og:locale\" content=\"de_DE\" \/>\n<meta property=\"og:type\" content=\"article\" \/>\n<meta property=\"og:title\" content=\"Praxis - PhysioPointPr\u00fcm | Physiotherapie | Krankengymnastik\" \/>\n<meta property=\"og:description\" content=\"Die Praxis befindet sich in der ehemaligen Landwirtschaftsschule Pr\u00fcm, in N\u00e4he der Jugendherberge. Es sind ausreichend Parkm\u00f6glichkeiten vorhanden.\" \/>\n<meta property=\"og:url\" content=\"https:\/\/www.physiopointpr\u00fcm.eu\/?page_id=82\" \/>\n<meta property=\"og:site_name\" content=\"PhysioPointPr\u00fcm\" \/>\n<meta property=\"article:modified_time\" content=\"2019-02-14T10:52:37+00:00\" \/>\n<meta name=\"twitter:card\" content=\"summary_large_image\" \/>\n<script type=\"application\/ld+json\" class=\"yoast-schema-graph\">{\"@context\":\"https:\/\/schema.org\",\"@graph\":[{\"@type\":\"WebPage\",\"@id\":\"https:\/\/www.physiopointpr\u00fcm.eu\/?page_id=82\",\"url\":\"https:\/\/www.physiopointpr\u00fcm.eu\/?page_id=82\",\"name\":\"Praxis - PhysioPointPr\u00fcm | Physiotherapie | Krankengymnastik\",\"isPartOf\":{\"@id\":\"https:\/\/www.physiopointpr\u00fcm.eu\/#website\"},\"datePublished\":\"2019-02-05T11:11:45+00:00\",\"dateModified\":\"2019-02-14T10:52:37+00:00\",\"description\":\"Die Praxis befindet sich in der ehemaligen Landwirtschaftsschule Pr\u00fcm, in N\u00e4he der Jugendherberge. Es sind ausreichend Parkm\u00f6glichkeiten vorhanden.\",\"breadcrumb\":{\"@id\":\"https:\/\/www.physiopointpr\u00fcm.eu\/?page_id=82#breadcrumb\"},\"inLanguage\":\"de\",\"potentialAction\":[{\"@type\":\"ReadAction\",\"target\":[\"https:\/\/www.physiopointpr\u00fcm.eu\/?page_id=82\"]}]},{\"@type\":\"BreadcrumbList\",\"@id\":\"https:\/\/www.physiopointpr\u00fcm.eu\/?page_id=82#breadcrumb\",\"itemListElement\":[{\"@type\":\"ListItem\",\"position\":1,\"name\":\"Startseite\",\"item\":\"https:\/\/www.physiopointpr\u00fcm.eu\/\"},{\"@type\":\"ListItem\",\"position\":2,\"name\":\"Praxis\"}]},{\"@type\":\"WebSite\",\"@id\":\"https:\/\/www.physiopointpr\u00fcm.eu\/#website\",\"url\":\"https:\/\/www.physiopointpr\u00fcm.eu\/\",\"name\":\"PhysioPointPr\u00fcm\",\"description\":\"\",\"publisher\":{\"@id\":\"https:\/\/www.physiopointpr\u00fcm.eu\/#organization\"},\"potentialAction\":[{\"@type\":\"SearchAction\",\"target\":{\"@type\":\"EntryPoint\",\"urlTemplate\":\"https:\/\/www.physiopointpr\u00fcm.eu\/?s={search_term_string}\"},\"query-input\":{\"@type\":\"PropertyValueSpecification\",\"valueRequired\":true,\"valueName\":\"search_term_string\"}}],\"inLanguage\":\"de\"},{\"@type\":\"Organization\",\"@id\":\"https:\/\/www.physiopointpr\u00fcm.eu\/#organization\",\"name\":\"PhysioPointPr\u00fcm\",\"url\":\"https:\/\/www.physiopointpr\u00fcm.eu\/\",\"logo\":{\"@type\":\"ImageObject\",\"inLanguage\":\"de\",\"@id\":\"https:\/\/www.physiopointpr\u00fcm.eu\/#\/schema\/logo\/image\/\",\"url\":\"https:\/\/www.physiopointpr\u00fcm.eu\/wp-content\/uploads\/2019\/02\/logo-physiopointpr\u00fcm-pruem-200px.png\",\"contentUrl\":\"https:\/\/www.physiopointpr\u00fcm.eu\/wp-content\/uploads\/2019\/02\/logo-physiopointpr\u00fcm-pruem-200px.png\",\"width\":210,\"height\":200,\"caption\":\"PhysioPointPr\u00fcm\"},\"image\":{\"@id\":\"https:\/\/www.physiopointpr\u00fcm.eu\/#\/schema\/logo\/image\/\"}}]}<\/script>\n<!-- \/ Yoast SEO plugin. -->","yoast_head_json":{"title":"Praxis - PhysioPointPr\u00fcm | Physiotherapie | Krankengymnastik","description":"Die Praxis befindet sich in der ehemaligen Landwirtschaftsschule Pr\u00fcm, in N\u00e4he der Jugendherberge. Es sind ausreichend Parkm\u00f6glichkeiten vorhanden.","robots":{"index":"index","follow":"follow","max-snippet":"max-snippet:-1","max-image-preview":"max-image-preview:large","max-video-preview":"max-video-preview:-1"},"canonical":"https:\/\/www.physiopointpr\u00fcm.eu\/?page_id=82","og_locale":"de_DE","og_type":"article","og_title":"Praxis - PhysioPointPr\u00fcm | Physiotherapie | Krankengymnastik","og_description":"Die Praxis befindet sich in der ehemaligen Landwirtschaftsschule Pr\u00fcm, in N\u00e4he der Jugendherberge. Es sind ausreichend Parkm\u00f6glichkeiten vorhanden.","og_url":"https:\/\/www.physiopointpr\u00fcm.eu\/?page_id=82","og_site_name":"PhysioPointPr\u00fcm","article_modified_time":"2019-02-14T10:52:37+00:00","twitter_card":"summary_large_image","schema":{"@context":"https:\/\/schema.org","@graph":[{"@type":"WebPage","@id":"https:\/\/www.physiopointpr\u00fcm.eu\/?page_id=82","url":"https:\/\/www.physiopointpr\u00fcm.eu\/?page_id=82","name":"Praxis - PhysioPointPr\u00fcm | Physiotherapie | Krankengymnastik","isPartOf":{"@id":"https:\/\/www.physiopointpr\u00fcm.eu\/#website"},"datePublished":"2019-02-05T11:11:45+00:00","dateModified":"2019-02-14T10:52:37+00:00","description":"Die Praxis befindet sich in der ehemaligen Landwirtschaftsschule Pr\u00fcm, in N\u00e4he der Jugendherberge. Es sind ausreichend Parkm\u00f6glichkeiten vorhanden.","breadcrumb":{"@id":"https:\/\/www.physiopointpr\u00fcm.eu\/?page_id=82#breadcrumb"},"inLanguage":"de","potentialAction":[{"@type":"ReadAction","target":["https:\/\/www.physiopointpr\u00fcm.eu\/?page_id=82"]}]},{"@type":"BreadcrumbList","@id":"https:\/\/www.physiopointpr\u00fcm.eu\/?page_id=82#breadcrumb","itemListElement":[{"@type":"ListItem","position":1,"name":"Startseite","item":"https:\/\/www.physiopointpr\u00fcm.eu\/"},{"@type":"ListItem","position":2,"name":"Praxis"}]},{"@type":"WebSite","@id":"https:\/\/www.physiopointpr\u00fcm.eu\/#website","url":"https:\/\/www.physiopointpr\u00fcm.eu\/","name":"PhysioPointPr\u00fcm","description":"","publisher":{"@id":"https:\/\/www.physiopointpr\u00fcm.eu\/#organization"},"potentialAction":[{"@type":"SearchAction","target":{"@type":"EntryPoint","urlTemplate":"https:\/\/www.physiopointpr\u00fcm.eu\/?s={search_term_string}"},"query-input":{"@type":"PropertyValueSpecification","valueRequired":true,"valueName":"search_term_string"}}],"inLanguage":"de"},{"@type":"Organization","@id":"https:\/\/www.physiopointpr\u00fcm.eu\/#organization","name":"PhysioPointPr\u00fcm","url":"https:\/\/www.physiopointpr\u00fcm.eu\/","logo":{"@type":"ImageObject","inLanguage":"de","@id":"https:\/\/www.physiopointpr\u00fcm.eu\/#\/schema\/logo\/image\/","url":"https:\/\/www.physiopointpr\u00fcm.eu\/wp-content\/uploads\/2019\/02\/logo-physiopointpr\u00fcm-pruem-200px.png","contentUrl":"https:\/\/www.physiopointpr\u00fcm.eu\/wp-content\/uploads\/2019\/02\/logo-physiopointpr\u00fcm-pruem-200px.png","width":210,"height":200,"caption":"PhysioPointPr\u00fcm"},"image":{"@id":"https:\/\/www.physiopointpr\u00fcm.eu\/#\/schema\/logo\/image\/"}}]}},"_links":{"self":[{"href":"https:\/\/www.physiopointpr\u00fcm.eu\/index.php?rest_route=\/wp\/v2\/pages\/82","targetHints":{"allow":["GET"]}}],"collection":[{"href":"https:\/\/www.physiopointpr\u00fcm.eu\/index.php?rest_route=\/wp\/v2\/pages"}],"about":[{"href":"https:\/\/www.physiopointpr\u00fcm.eu\/index.php?rest_route=\/wp\/v2\/types\/page"}],"author":[{"embeddable":true,"href":"https:\/\/www.physiopointpr\u00fcm.eu\/index.php?rest_route=\/wp\/v2\/users\/1"}],"replies":[{"embeddable":true,"href":"https:\/\/www.physiopointpr\u00fcm.eu\/index.php?rest_route=%2Fwp%2Fv2%2Fcomments&post=82"}],"version-history":[{"count":23,"href":"https:\/\/www.physiopointpr\u00fcm.eu\/index.php?rest_route=\/wp\/v2\/pages\/82\/revisions"}],"predecessor-version":[{"id":237,"href":"https:\/\/www.physiopointpr\u00fcm.eu\/index.php?rest_route=\/wp\/v2\/pages\/82\/revisions\/237"}],"wp:attachment":[{"href":"https:\/\/www.physiopointpr\u00fcm.eu\/index.php?rest_route=%2Fwp%2Fv2%2Fmedia&parent=82"}],"curies":[{"name":"wp","href":"https:\/\/api.w.org\/{rel}","templated":true}]}}